{"id":4294,"date":"2022-12-30T18:24:43","date_gmt":"2022-12-30T17:24:43","guid":{"rendered":"https:\/\/www.clm.ch\/buoni\/"},"modified":"2024-01-02T14:09:33","modified_gmt":"2024-01-02T13:09:33","slug":"buoni","status":"publish","type":"page","link":"https:\/\/www.clm.ch\/it\/buoni\/","title":{"rendered":"Buoni"},"content":{"rendered":"<p>[et_pb_section fb_built=&#8221;1&#8243; admin_label=&#8221;Contact&#8221; _builder_version=&#8221;4.19.4&#8243; _module_preset=&#8221;default&#8221; background_image=&#8221;https:\/\/www.clm.ch\/wp-content\/uploads\/2022\/12\/seafood-restaurant-67.png&#8221; background_size=&#8221;custom&#8221; background_image_width=&#8221;25%&#8221; background_position=&#8221;bottom_left&#8221; custom_padding=&#8221;6vw||6vw||true|false&#8221; background_last_edited=&#8221;on|tablet&#8221; background_image_width_tablet=&#8221;50%&#8221; locked=&#8221;off&#8221; collapsed=&#8221;on&#8221; global_colors_info=&#8221;{}&#8221;][et_pb_row _builder_version=&#8221;4.18.0&#8243; _module_preset=&#8221;default&#8221; background_color=&#8221;#FFFFFF&#8221; background_image=&#8221;https:\/\/www.clm.ch\/wp-content\/uploads\/2022\/12\/seafood-restaurant-66.png&#8221; background_size=&#8221;contain&#8221; background_position=&#8221;top_center&#8221; custom_padding=&#8221;60px|10%|60px|10%|true|true&#8221; box_shadow_style=&#8221;preset4&#8243; box_shadow_horizontal=&#8221;0px&#8221; box_shadow_vertical=&#8221;20px&#8221; box_shadow_blur=&#8221;60px&#8221; box_shadow_color=&#8221;rgba(6,39,58,0.15)&#8221; global_colors_info=&#8221;{}&#8221;][et_pb_column type=&#8221;4_4&#8243; _builder_version=&#8221;4.18.0&#8243; _module_preset=&#8221;default&#8221; global_colors_info=&#8221;{}&#8221;][et_pb_image src=&#8221;https:\/\/www.clm.ch\/wp-content\/uploads\/2022\/12\/squiggle.png&#8221; title_text=&#8221;ghirigoro&#8221; align=&#8221;center&#8221; _builder_version=&#8221;4.18.0&#8243; _module_preset=&#8221;default&#8221; width=&#8221;218px&#8221; max_width=&#8221;100%&#8221; custom_margin=&#8221;||30px||false|false&#8221; locked=&#8221;off&#8221; global_colors_info=&#8221;{}&#8221;][\/et_pb_image][et_pb_text _builder_version=&#8221;4.19.4&#8243; _module_preset=&#8221;c16985e1-e0d6-4022-964d-e2bfc04fa633&#8243; header_font=&#8221;Baskervville|700|||||||&#8221; header_text_color=&#8221;#005CC8&#8243; header_font_size=&#8221;72px&#8221; header_line_height=&#8221;1.2em&#8221; text_orientation=&#8221;center&#8221; header_font_size_tablet=&#8221;40px&#8221; header_font_size_phone=&#8221;24px&#8221; header_font_size_last_edited=&#8221;on|desktop&#8221; global_colors_info=&#8221;{}&#8221;]<\/p>\n<h1>Buoni<\/h1>\n<p>[\/et_pb_text][et_pb_text _builder_version=&#8221;4.19.4&#8243; _module_preset=&#8221;518880c8-46c7-4ffa-b5a6-93ffa99dcc17&#8243; text_font=&#8221;Hind||||||||&#8221; text_text_color=&#8221;#000000&#8243; text_font_size=&#8221;18px&#8221; text_line_height=&#8221;1.6em&#8221; link_text_color=&#8221;#23CDE7&#8243; text_orientation=&#8221;center&#8221; text_font_size_tablet=&#8221;16px&#8221; text_font_size_phone=&#8221;14px&#8221; text_font_size_last_edited=&#8221;on|phone&#8221; global_colors_info=&#8221;{}&#8221;]<\/p>\n<p>&nbsp;<\/p>\n<div>\n<form id=\"contactForm\" method=\"POST\" action=\"https:\/\/clm.ch\/index.php?module=contact_mod&amp;menuid=17&amp;&amp;operation=send_mail&amp;itemid=3\" enctype=\"multipart\/form-data\">\n<p>I buoni possono essere ordinati per un valore di <strong>30.00<\/strong> o <strong>50.00<\/strong> franchi.<\/p>\n<p>La data di scadenza \u00e8 a partire da <strong><span style=\"color: #0000ff;\">Fine stagione<\/span><\/strong> (30 novembre 2024 &#8211; secondo il listino prezzi).<\/p>\n<p>La validit\u00e0 del buono non pu\u00f2 essere prorogata!<\/p>\n<p>I buoni sono trasferibili.<\/p>\n<p>Ogni singolo buono pu\u00f2 essere utilizzato una sola volta.<\/p>\n<p>La restituzione totale o parziale, in qualsiasi forma, non \u00e8 possibile!<\/p>\n<\/form>\n<\/div>\n<p>[\/et_pb_text][\/et_pb_column][\/et_pb_row][et_pb_row _builder_version=&#8221;4.19.4&#8243; _module_preset=&#8221;default&#8221; global_colors_info=&#8221;{}&#8221;][et_pb_column type=&#8221;4_4&#8243; _builder_version=&#8221;4.19.4&#8243; _module_preset=&#8221;default&#8221; global_colors_info=&#8221;{}&#8221;][wpforms_selector form_id=&#8221;832&#8243; _builder_version=&#8221;4.19.4&#8243; _module_preset=&#8221;default&#8221; custom_padding=&#8221;|20px||20px|false|false&#8221; global_colors_info=&#8221;{}&#8221;][\/wpforms_selector][\/et_pb_column][\/et_pb_row][\/et_pb_section]<\/p>\n","protected":false},"excerpt":{"rendered":"<p>Buoni&nbsp; I buoni possono essere ordinati per un valore di 30.00 o 50.00 franchi. La data di scadenza \u00e8 a partire da Fine stagione (30 novembre 2024 &#8211; secondo il listino prezzi). La validit\u00e0 del buono non pu\u00f2 essere prorogata! I buoni sono trasferibili. Ogni singolo buono pu\u00f2 essere utilizzato una sola volta. La restituzione [&hellip;]<\/p>\n","protected":false},"author":1,"featured_media":0,"parent":0,"menu_order":0,"comment_status":"closed","ping_status":"closed","template":"","meta":{"_et_pb_use_builder":"on","_et_pb_old_content":"","_et_gb_content_width":"","footnotes":""},"class_list":["post-4294","page","type-page","status-publish","hentry"],"_links":{"self":[{"href":"https:\/\/www.clm.ch\/it\/wp-json\/wp\/v2\/pages\/4294","targetHints":{"allow":["GET"]}}],"collection":[{"href":"https:\/\/www.clm.ch\/it\/wp-json\/wp\/v2\/pages"}],"about":[{"href":"https:\/\/www.clm.ch\/it\/wp-json\/wp\/v2\/types\/page"}],"author":[{"embeddable":true,"href":"https:\/\/www.clm.ch\/it\/wp-json\/wp\/v2\/users\/1"}],"replies":[{"embeddable":true,"href":"https:\/\/www.clm.ch\/it\/wp-json\/wp\/v2\/comments?post=4294"}],"version-history":[{"count":3,"href":"https:\/\/www.clm.ch\/it\/wp-json\/wp\/v2\/pages\/4294\/revisions"}],"predecessor-version":[{"id":4988,"href":"https:\/\/www.clm.ch\/it\/wp-json\/wp\/v2\/pages\/4294\/revisions\/4988"}],"wp:attachment":[{"href":"https:\/\/www.clm.ch\/it\/wp-json\/wp\/v2\/media?parent=4294"}],"curies":[{"name":"wp","href":"https:\/\/api.w.org\/{rel}","templated":true}]}}