{"id":4309,"date":"2022-12-31T12:51:24","date_gmt":"2022-12-31T11:51:24","guid":{"rendered":"https:\/\/www.clm.ch\/reservation\/"},"modified":"2026-04-04T10:54:09","modified_gmt":"2026-04-04T08:54:09","slug":"reservation","status":"publish","type":"page","link":"https:\/\/www.clm.ch\/fr\/reservation\/","title":{"rendered":"R\u00e9servation"},"content":{"rendered":"<p>[et_pb_section fb_built=\u00a0\u00bb1&Prime; admin_label=\u00a0\u00bbContact\u00a0\u00bb _builder_version=\u00a0\u00bb4.19.4&Prime; _module_preset=\u00a0\u00bbdefault\u00a0\u00bb background_image=\u00a0\u00bbhttps:\/\/www.clm.ch\/wp-content\/uploads\/2022\/12\/seafood-restaurant-67.png\u00a0\u00bb background_size=\u00a0\u00bbcustom\u00a0\u00bb background_image_width=\u00a0\u00bb25%\u00a0\u00bb background_position=\u00a0\u00bbbottom_left\u00a0\u00bb custom_padding=\u00a0\u00bb6vw||6vw||true|false\u00a0\u00bb background_last_edited=\u00a0\u00bbon|tablet\u00a0\u00bb background_image_width_tablet=\u00a0\u00bb50%\u00a0\u00bb locked=\u00a0\u00bboff\u00a0\u00bb collapsed=\u00a0\u00bbon\u00a0\u00bb global_colors_info=\u00a0\u00bb{}\u00a0\u00bb][et_pb_row _builder_version=\u00a0\u00bb4.18.0&Prime; _module_preset=\u00a0\u00bbdefault\u00a0\u00bb background_color=\u00a0\u00bb#FFFFFF\u00a0\u00bb background_image=\u00a0\u00bbhttps:\/\/www.clm.ch\/wp-content\/uploads\/2022\/12\/seafood-restaurant-66.png\u00a0\u00bb background_size=\u00a0\u00bbcontain\u00a0\u00bb background_position=\u00a0\u00bbtop_center\u00a0\u00bb custom_padding=\u00a0\u00bb60px|10%|60px|10%|true|true\u00a0\u00bb box_shadow_style=\u00a0\u00bbpreset4&Prime; box_shadow_horizontal=\u00a0\u00bb0px\u00a0\u00bb box_shadow_vertical=\u00a0\u00bb20px\u00a0\u00bb box_shadow_blur=\u00a0\u00bb60px\u00a0\u00bb box_shadow_color=\u00a0\u00bbrgba(6,39,58,0.15)\u00a0\u00bb global_colors_info=\u00a0\u00bb{}\u00a0\u00bb][et_pb_column type=\u00a0\u00bb4_4&Prime; _builder_version=\u00a0\u00bb4.18.0&Prime; _module_preset=\u00a0\u00bbdefault\u00a0\u00bb global_colors_info=\u00a0\u00bb{}\u00a0\u00bb][et_pb_image src=\u00a0\u00bbhttps:\/\/www.clm.ch\/wp-content\/uploads\/2022\/12\/squiggle.png\u00a0\u00bb title_text=\u00a0\u00bbsquiggle\u00a0\u00bb align=\u00a0\u00bbcenter\u00a0\u00bb _builder_version=\u00a0\u00bb4.18.0&Prime; _module_preset=\u00a0\u00bbdefault\u00a0\u00bb width=\u00a0\u00bb218px\u00a0\u00bb max_width=\u00a0\u00bb100%\u00a0\u00bb custom_margin=\u00a0\u00bb||30px||false|false\u00a0\u00bb locked=\u00a0\u00bboff\u00a0\u00bb global_colors_info=\u00a0\u00bb{}\u00a0\u00bb][\/et_pb_image][et_pb_text _builder_version=\u00a0\u00bb4.19.4&Prime; _module_preset=\u00a0\u00bbc16985e1-e0d6-4022-964d-e2bfc04fa633&Prime; header_font=\u00a0\u00bbBaskervville|700|||||||\u00a0\u00bb header_text_color=\u00a0\u00bb#005CC8&Prime; header_font_size=\u00a0\u00bb72px\u00a0\u00bb header_line_height=\u00a0\u00bb1.2em\u00a0\u00bb text_orientation=\u00a0\u00bbcenter\u00a0\u00bb custom_margin=\u00a0\u00bb|-28px||||\u00a0\u00bb custom_padding=\u00a0\u00bb|||0px||\u00a0\u00bb header_font_size_tablet=\u00a0\u00bb40px\u00a0\u00bb header_font_size_phone=\u00a0\u00bb24px\u00a0\u00bb header_font_size_last_edited=\u00a0\u00bbon|desktop\u00a0\u00bb global_colors_info=\u00a0\u00bb{}\u00a0\u00bb]<\/p>\n<h1><span style=\"color: #0000ff;\"><strong>Demande de r\u00e9servation<\/strong><\/span><\/h1>\n<p>[\/et_pb_text][et_pb_text _builder_version=\u00a0\u00bb4.27.5&Prime; _module_preset=\u00a0\u00bb518880c8-46c7-4ffa-b5a6-93ffa99dcc17&Prime; text_font=\u00a0\u00bbHind||||||||\u00a0\u00bb text_text_color=\u00a0\u00bb#000000&Prime; text_font_size=\u00a0\u00bb18px\u00a0\u00bb text_line_height=\u00a0\u00bb1.6em\u00a0\u00bb link_text_color=\u00a0\u00bb#23CDE7&Prime; text_orientation=\u00a0\u00bbcenter\u00a0\u00bb custom_padding=\u00a0\u00bb0px|||||\u00a0\u00bb hover_enabled=\u00a0\u00bb0&Prime; text_font_size_tablet=\u00a0\u00bb16px\u00a0\u00bb text_font_size_phone=\u00a0\u00bb14px\u00a0\u00bb text_font_size_last_edited=\u00a0\u00bbon|phone\u00a0\u00bb global_colors_info=\u00a0\u00bb{}\u00a0\u00bb sticky_enabled=\u00a0\u00bb0&Prime;]<\/p>\n<p style=\"font-weight: 400; text-align: center;\"><strong><\/strong><\/p>\n<p style=\"font-weight: 400; text-align: center;\">\n<p style=\"font-weight: 400; text-align: center;\"><strong>Les demandes de r\u00e9servation, uniquement <\/strong>via le formulaire officiel sur le site web <span style=\"color: #0000ff;\"><a href=\"http:\/\/www.clm.ch\/fr\/\" style=\"color: #0000ff;\">(<\/a>www.clm.ch).<\/span><br \/>Elles seront trait\u00e9es par notre personnel dans un d\u00e9lai de 2\/3 jours. Pour toute autre question ou demande d&rsquo;offre, veuillez utiliser l&rsquo;adresse e-mail suivante<span> <\/span><span style=\"color: #0000ff;\"><u><a href=\"mailto:info@clm.ch\">info@clm.ch<\/a>.<\/u><\/span><\/p>\n<p style=\"font-weight: 400; text-align: center;\"><span style=\"color: #0000ff;\"><u><\/u><\/span><\/p>\n<p style=\"font-weight: 400; text-align: center;\"><span style=\"color: #000000;\"><strong>**********<\/strong><\/span><\/p>\n<p class=\"x_MsoNormal\" style=\"text-align: center;\"><span style=\"color: #000000;\"><strong>Nous vous conseillons de n&rsquo;indiquer dans le formulaire de pr\u00e9-r\u00e9servation que les personnes qui participeront d\u00e9finitivement au s\u00e9jour.<\/strong><\/span><\/p>\n<p class=\"x_MsoNormal\" aria-hidden=\"true\" style=\"text-align: center;\">Sans frais suppl\u00e9mentaires, vous pouvez nous communiquer les modifications au plus tard 4 jours avant votre arriv\u00e9e (toujours par e-mail).<\/p>\n<p class=\"x_MsoNormal\" style=\"text-align: center;\">Votre demande de pr\u00e9-r\u00e9servation ne peut \u00eatre consid\u00e9r\u00e9e comme d\u00e9finitive que lorsque vous recevez <span style=\"color: #ff0000;\"><strong>confirmation \u00e9crite<\/strong> <\/span>re\u00e7ue du CLM.<\/p>\n<p class=\"x_MsoNormal\" aria-hidden=\"true\" style=\"text-align: center;\"><strong>Nous attirons votre attention sur les points suivants<\/strong>:<\/p>\n<p style=\"text-align: center;\">\u2666 1 formulaire d&rsquo;inscription par famille\/par s\u00e9jour (p\u00e9riode de s\u00e9jour)<\/p>\n<p style=\"text-align: center;\">\u2666 Un seul v\u00e9hicule est autoris\u00e9 par emplacement (avec \u00e9ventuellement une remorque). Nous n&rsquo;avons pas d&rsquo;autres places de parking \u00e0 disposition pour les h\u00f4tes qui se pr\u00e9sentent avec plus de v\u00e9hicules.<\/p>\n<p style=\"text-align: center;\">\u2666 Les animaux domestiques (par exemple : chiens, chats, oiseaux, etc.) ne sont pas autoris\u00e9s.<\/p>\n<div>\n<form id=\"contactForm\" method=\"POST\" action=\"https:\/\/clm.ch\/index.php?module=contact_mod&amp;menuid=17&amp;&amp;operation=send_mail&amp;itemid=3\" enctype=\"multipart\/form-data\">\n<div>\n<p>&nbsp;<\/p>\n<\/div>\n<\/form>\n<\/div>\n<p>[\/et_pb_text][\/et_pb_column][\/et_pb_row][et_pb_row _builder_version=\u00a0\u00bb4.19.4&Prime; _module_preset=\u00a0\u00bbdefault\u00a0\u00bb global_colors_info=\u00a0\u00bb{}\u00a0\u00bb][et_pb_column type=\u00a0\u00bb4_4&Prime; _builder_version=\u00a0\u00bb4.19.4&Prime; _module_preset=\u00a0\u00bbdefault\u00a0\u00bb global_colors_info=\u00a0\u00bb{}\u00a0\u00bb][wpforms_selector form_id=\u00a0\u00bb839&Prime; _builder_version=\u00a0\u00bb4.23.2&Prime; _module_preset=\u00a0\u00bbdefault\u00a0\u00bb custom_padding=\u00a0\u00bb|20px||20px|false|false\u00a0\u00bb global_colors_info=\u00a0\u00bb{}\u00a0\u00bb][\/wpforms_selector][\/et_pb_column][\/et_pb_row][\/et_pb_section]<\/p>\n","protected":false},"excerpt":{"rendered":"<p>Demande de r\u00e9servation Les demandes de r\u00e9servation, uniquement via le formulaire officiel sur le site web (www.clm.ch).Elles seront trait\u00e9es par notre personnel dans un d\u00e9lai de 2\/3 jours. Pour toute autre question ou demande d&rsquo;offre, veuillez utiliser l&rsquo;adresse e-mail suivante info@clm.ch. ********** Nous vous conseillons de n&rsquo;indiquer dans le formulaire de pr\u00e9-r\u00e9servation que les personnes [&hellip;]<\/p>\n","protected":false},"author":1,"featured_media":0,"parent":0,"menu_order":0,"comment_status":"closed","ping_status":"closed","template":"","meta":{"_et_pb_use_builder":"on","_et_pb_old_content":"","_et_gb_content_width":"","footnotes":""},"class_list":["post-4309","page","type-page","status-publish","hentry"],"_links":{"self":[{"href":"https:\/\/www.clm.ch\/fr\/wp-json\/wp\/v2\/pages\/4309","targetHints":{"allow":["GET"]}}],"collection":[{"href":"https:\/\/www.clm.ch\/fr\/wp-json\/wp\/v2\/pages"}],"about":[{"href":"https:\/\/www.clm.ch\/fr\/wp-json\/wp\/v2\/types\/page"}],"author":[{"embeddable":true,"href":"https:\/\/www.clm.ch\/fr\/wp-json\/wp\/v2\/users\/1"}],"replies":[{"embeddable":true,"href":"https:\/\/www.clm.ch\/fr\/wp-json\/wp\/v2\/comments?post=4309"}],"version-history":[{"count":34,"href":"https:\/\/www.clm.ch\/fr\/wp-json\/wp\/v2\/pages\/4309\/revisions"}],"predecessor-version":[{"id":6673,"href":"https:\/\/www.clm.ch\/fr\/wp-json\/wp\/v2\/pages\/4309\/revisions\/6673"}],"wp:attachment":[{"href":"https:\/\/www.clm.ch\/fr\/wp-json\/wp\/v2\/media?parent=4309"}],"curies":[{"name":"wp","href":"https:\/\/api.w.org\/{rel}","templated":true}]}}