{"id":4303,"date":"2022-12-30T18:24:43","date_gmt":"2022-12-30T17:24:43","guid":{"rendered":"https:\/\/www.clm.ch\/bons-dachat\/"},"modified":"2024-01-16T17:25:24","modified_gmt":"2024-01-16T16:25:24","slug":"bons-dachat","status":"publish","type":"page","link":"https:\/\/www.clm.ch\/fr\/bons-dachat\/","title":{"rendered":"Bons d&rsquo;achat"},"content":{"rendered":"<p>[et_pb_section fb_built=\u00a0\u00bb1&Prime; admin_label=\u00a0\u00bbContact\u00a0\u00bb _builder_version=\u00a0\u00bb4.19.4&Prime; _module_preset=\u00a0\u00bbdefault\u00a0\u00bb background_image=\u00a0\u00bbhttps:\/\/www.clm.ch\/wp-content\/uploads\/2022\/12\/seafood-restaurant-67.png\u00a0\u00bb background_size=\u00a0\u00bbcustom\u00a0\u00bb background_image_width=\u00a0\u00bb25%\u00a0\u00bb background_position=\u00a0\u00bbbottom_left\u00a0\u00bb custom_padding=\u00a0\u00bb6vw||6vw||true|false\u00a0\u00bb background_last_edited=\u00a0\u00bbon|tablet\u00a0\u00bb background_image_width_tablet=\u00a0\u00bb50%\u00a0\u00bb locked=\u00a0\u00bboff\u00a0\u00bb collapsed=\u00a0\u00bbon\u00a0\u00bb global_colors_info=\u00a0\u00bb{}\u00a0\u00bb][et_pb_row _builder_version=\u00a0\u00bb4.18.0&Prime; _module_preset=\u00a0\u00bbdefault\u00a0\u00bb background_color=\u00a0\u00bb#FFFFFF\u00a0\u00bb background_image=\u00a0\u00bbhttps:\/\/www.clm.ch\/wp-content\/uploads\/2022\/12\/seafood-restaurant-66.png\u00a0\u00bb background_size=\u00a0\u00bbcontain\u00a0\u00bb background_position=\u00a0\u00bbtop_center\u00a0\u00bb custom_padding=\u00a0\u00bb60px|10%|60px|10%|true|true\u00a0\u00bb box_shadow_style=\u00a0\u00bbpreset4&Prime; box_shadow_horizontal=\u00a0\u00bb0px\u00a0\u00bb box_shadow_vertical=\u00a0\u00bb20px\u00a0\u00bb box_shadow_blur=\u00a0\u00bb60px\u00a0\u00bb box_shadow_color=\u00a0\u00bbrgba(6,39,58,0.15)\u00a0\u00bb global_colors_info=\u00a0\u00bb{}\u00a0\u00bb][et_pb_column type=\u00a0\u00bb4_4&Prime; _builder_version=\u00a0\u00bb4.18.0&Prime; _module_preset=\u00a0\u00bbdefault\u00a0\u00bb global_colors_info=\u00a0\u00bb{}\u00a0\u00bb][et_pb_image src=\u00a0\u00bbhttps:\/\/www.clm.ch\/wp-content\/uploads\/2022\/12\/squiggle.png\u00a0\u00bb title_text=\u00a0\u00bbsquiggle\u00a0\u00bb align=\u00a0\u00bbcenter\u00a0\u00bb _builder_version=\u00a0\u00bb4.18.0&Prime; _module_preset=\u00a0\u00bbdefault\u00a0\u00bb width=\u00a0\u00bb218px\u00a0\u00bb max_width=\u00a0\u00bb100%\u00a0\u00bb custom_margin=\u00a0\u00bb||30px||false|false\u00a0\u00bb locked=\u00a0\u00bboff\u00a0\u00bb global_colors_info=\u00a0\u00bb{}\u00a0\u00bb][\/et_pb_image][et_pb_text _builder_version=\u00a0\u00bb4.19.4&Prime; _module_preset=\u00a0\u00bbc16985e1-e0d6-4022-964d-e2bfc04fa633&Prime; header_font=\u00a0\u00bbBaskervville|700|||||||\u00a0\u00bb header_text_color=\u00a0\u00bb#005CC8&Prime; header_font_size=\u00a0\u00bb72px\u00a0\u00bb header_line_height=\u00a0\u00bb1.2em\u00a0\u00bb text_orientation=\u00a0\u00bbcenter\u00a0\u00bb header_font_size_tablet=\u00a0\u00bb40px\u00a0\u00bb header_font_size_phone=\u00a0\u00bb24px\u00a0\u00bb header_font_size_last_edited=\u00a0\u00bbon|desktop\u00a0\u00bb global_colors_info=\u00a0\u00bb{}\u00a0\u00bb]<\/p>\n<h1>Bons d&rsquo;achat<\/h1>\n<p>[\/et_pb_text][et_pb_text _builder_version=\u00a0\u00bb4.23.2&Prime; _module_preset=\u00a0\u00bb518880c8-46c7-4ffa-b5a6-93ffa99dcc17&Prime; text_font=\u00a0\u00bbHind||||||||\u00a0\u00bb text_text_color=\u00a0\u00bb#000000&Prime; text_font_size=\u00a0\u00bb18px\u00a0\u00bb text_line_height=\u00a0\u00bb1.6em\u00a0\u00bb link_text_color=\u00a0\u00bb#23CDE7&Prime; text_orientation=\u00a0\u00bbcenter\u00a0\u00bb hover_enabled=\u00a0\u00bb0&Prime; text_font_size_tablet=\u00a0\u00bb16px\u00a0\u00bb text_font_size_phone=\u00a0\u00bb14px\u00a0\u00bb text_font_size_last_edited=\u00a0\u00bbon|phone\u00a0\u00bb global_colors_info=\u00a0\u00bb{}\u00a0\u00bb sticky_enabled=\u00a0\u00bb0&Prime;]<\/p>\n<p>\u00a0<span style=\"text-decoration: underline;\"><\/span><\/p>\n<p style=\"text-align: center;\">Nos collaborateurs seront au bureau \u00e0 partir du <strong>2 janvier<\/strong>\u00a0 du<br \/>08:00 &#8211; 12:00 \/ 13:30 &#8211; 18:00 heures.<\/p>\n<p>&nbsp;<\/p>\n<p style=\"text-align: center;\">***********<\/p>\n<p>&nbsp;<\/p>\n<div>\n<form id=\"contactForm\" method=\"POST\" action=\"https:\/\/clm.ch\/index.php?module=contact_mod&amp;menuid=17&amp;&amp;operation=send_mail&amp;itemid=3\" enctype=\"multipart\/form-data\">\n<p style=\"text-align: center;\">Les bons peuvent \u00eatre command\u00e9s pour une valeur de <strong>30.00 CHF<\/strong> ou de <strong>50.00 CHF<\/strong>.<\/p>\n<p style=\"text-align: center;\">La date d&rsquo;expiration est fix\u00e9e au <strong><br \/><span style=\"color: #0000ff;\">fin de la saison<\/span><br \/><\/strong> (30 novembre 2024 &#8211; selon la liste de prix).<\/p>\n<p style=\"text-align: center;\">La validit\u00e9 du bon ne peut pas \u00eatre prolong\u00e9e !<\/p>\n<p style=\"text-align: center;\">Les bons sont transf\u00e9rables.<\/p>\n<p style=\"text-align: center;\">Chaque bon est utilisable une seule fois.<\/p>\n<p style=\"text-align: center;\">La restitution totale ou partielle &#8211; sous quelque forme que ce soit &#8211; n&rsquo;est pas possible !<\/p>\n<\/form>\n<\/div>\n<p>[\/et_pb_text][\/et_pb_column][\/et_pb_row][et_pb_row _builder_version=\u00a0\u00bb4.19.4&Prime; _module_preset=\u00a0\u00bbdefault\u00a0\u00bb global_colors_info=\u00a0\u00bb{}\u00a0\u00bb][et_pb_column type=\u00a0\u00bb4_4&Prime; _builder_version=\u00a0\u00bb4.19.4&Prime; _module_preset=\u00a0\u00bbdefault\u00a0\u00bb global_colors_info=\u00a0\u00bb{}\u00a0\u00bb][wpforms_selector form_id=\u00a0\u00bb832&Prime; _builder_version=\u00a0\u00bb4.19.4&Prime; _module_preset=\u00a0\u00bbdefault\u00a0\u00bb custom_padding=\u00a0\u00bb|20px||20px|false|false\u00a0\u00bb global_colors_info=\u00a0\u00bb{}\u00a0\u00bb][\/wpforms_selector][\/et_pb_column][\/et_pb_row][\/et_pb_section]<\/p>\n","protected":false},"excerpt":{"rendered":"<p>Bons d&rsquo;achat\u00a0 Nos collaborateurs seront au bureau \u00e0 partir du 2 janvier\u00a0 du08:00 &#8211; 12:00 \/ 13:30 &#8211; 18:00 heures. &nbsp; *********** &nbsp; Les bons peuvent \u00eatre command\u00e9s pour une valeur de 30.00 CHF ou de 50.00 CHF. La date d&rsquo;expiration est fix\u00e9e au fin de la saison (30 novembre 2024 &#8211; selon la liste [&hellip;]<\/p>\n","protected":false},"author":1,"featured_media":0,"parent":0,"menu_order":0,"comment_status":"closed","ping_status":"closed","template":"","meta":{"_et_pb_use_builder":"on","_et_pb_old_content":"","_et_gb_content_width":"","footnotes":""},"class_list":["post-4303","page","type-page","status-publish","hentry"],"_links":{"self":[{"href":"https:\/\/www.clm.ch\/fr\/wp-json\/wp\/v2\/pages\/4303","targetHints":{"allow":["GET"]}}],"collection":[{"href":"https:\/\/www.clm.ch\/fr\/wp-json\/wp\/v2\/pages"}],"about":[{"href":"https:\/\/www.clm.ch\/fr\/wp-json\/wp\/v2\/types\/page"}],"author":[{"embeddable":true,"href":"https:\/\/www.clm.ch\/fr\/wp-json\/wp\/v2\/users\/1"}],"replies":[{"embeddable":true,"href":"https:\/\/www.clm.ch\/fr\/wp-json\/wp\/v2\/comments?post=4303"}],"version-history":[{"count":11,"href":"https:\/\/www.clm.ch\/fr\/wp-json\/wp\/v2\/pages\/4303\/revisions"}],"predecessor-version":[{"id":5419,"href":"https:\/\/www.clm.ch\/fr\/wp-json\/wp\/v2\/pages\/4303\/revisions\/5419"}],"wp:attachment":[{"href":"https:\/\/www.clm.ch\/fr\/wp-json\/wp\/v2\/media?parent=4303"}],"curies":[{"name":"wp","href":"https:\/\/api.w.org\/{rel}","templated":true}]}}